{"id":324,"date":"2025-12-17T12:28:54","date_gmt":"2025-12-17T11:28:54","guid":{"rendered":"https:\/\/kepzesek.ehh.ro\/?post_type=product&#038;p=324"},"modified":"2026-03-03T13:06:08","modified_gmt":"2026-03-03T12:06:08","slug":"enek-jatek-tanc-akkreditalt-tovabbkepzes-pedagogusoknak-kolozsvaron","status":"publish","type":"product","link":"https:\/\/kepzesek.ehh.ro\/ro\/termek\/enek-jatek-tanc-akkreditalt-tovabbkepzes-pedagogusoknak-kolozsvaron\/","title":{"rendered":"\u00c9nek \u2013 J\u00e1t\u00e9k \u2013 T\u00e1nc \/ Akkredit\u00e1lt tov\u00e1bbk\u00e9pz\u00e9s pedag\u00f3gusoknak Kolozsv\u00e1ron"},"content":{"rendered":"<p><span style=\"font-weight: 400;\">Szakmai tov\u00e1bbk\u00e9pz\u00e9s indul pedag\u00f3gusoknak Kolozsv\u00e1ron n\u00e9pi gyermekj\u00e1t\u00e9k, n\u00e9pt\u00e1nc \u00e9s n\u00e9pzene t\u00e9m\u00e1ban.<\/span><\/p>\n<p><span style=\"font-weight: 400;\">A tov\u00e1bbk\u00e9pz\u00e9s c\u00e9lja, hogy ezen k\u00f6z\u00f6ss\u00e9gi, hagyom\u00e1nyos \u00e9rt\u00e9keket hat\u00e9konyan integr\u00e1ljuk az iskolai oktat\u00e1sba.<\/span><\/p>\n<p><b>Mi\u00e9rt fontos ez a k\u00e9pz\u00e9s?<\/b><\/p>\n<p><span style=\"font-weight: 400;\">Napjainkban k\u00fcl\u00f6n\u00f6sen nagy sz\u00fcks\u00e9g van arra, hogy gyermekeink megismerj\u00e9k \u00e9s meg\u0151rizz\u00e9k kultur\u00e1lis \u00f6r\u00f6ks\u00e9g\u00fcnket. A n\u00e9pi j\u00e1t\u00e9kok, a n\u00e9pt\u00e1nc \u00e9s a n\u00e9pzene nem csup\u00e1n sz\u00f3rakoztat\u00f3 id\u0151t\u00f6lt\u00e9st k\u00edn\u00e1lnak, hanem felbecs\u00fclhetetlen pedag\u00f3giai \u00e9rt\u00e9kkel b\u00edrnak.<\/span><\/p>\n<ul>\n<li style=\"font-weight: 400;\" aria-level=\"1\"><i><span style=\"font-weight: 400;\">Fejlesztik a kreativit\u00e1st \u00e9s a k\u00e9pzel\u0151er\u0151t:<\/span><\/i><span style=\"font-weight: 400;\">\u00a0A hagyom\u00e1nyos j\u00e1t\u00e9kok \u00f6szt\u00f6nzik a gyerekeket az \u00f6n\u00e1ll\u00f3 gondolkod\u00e1sra \u00e9s a fant\u00e1zia haszn\u00e1lat\u00e1ra.<\/span><\/li>\n<li style=\"font-weight: 400;\" aria-level=\"1\"><i><span style=\"font-weight: 400;\">Er\u0151s\u00edtik a k\u00f6z\u00f6ss\u00e9gi \u00e9rz\u00e9st:<\/span><\/i><span style=\"font-weight: 400;\">\u00a0A k\u00f6z\u00f6s j\u00e1t\u00e9k \u00e9s t\u00e1nc sor\u00e1n a gyerekek megtanulnak egy\u00fcttm\u0171k\u00f6dni, figyelni egym\u00e1sra \u00e9s elfogadni a m\u00e1sikat.<\/span><\/li>\n<li style=\"font-weight: 400;\" aria-level=\"1\"><i><span style=\"font-weight: 400;\">Jav\u00edtj\u00e1k a mozg\u00e1skoordin\u00e1ci\u00f3t \u00e9s a ritmus\u00e9rz\u00e9ket:<\/span><\/i><span style=\"font-weight: 400;\">\u00a0A n\u00e9pt\u00e1nc \u00e9s a n\u00e9pzene akt\u00edv r\u00e9szv\u00e9telre \u00f6szt\u00f6n\u00f6z, mik\u00f6zben fejleszti a finom- \u00e9s nagymotoros k\u00e9szs\u00e9geket.<\/span><\/li>\n<li style=\"font-weight: 400;\" aria-level=\"1\"><i><span style=\"font-weight: 400;\">Gazdag\u00edtj\u00e1k a sz\u00f3kincset \u00e9s a kifejez\u0151k\u00e9szs\u00e9get:<\/span><\/i><span style=\"font-weight: 400;\">\u00a0A j\u00e1t\u00e9kokhoz kapcsol\u00f3d\u00f3 mond\u00f3k\u00e1k, dalok hozz\u00e1j\u00e1rulnak a nyelvi fejl\u0151d\u00e9shez.<\/span><\/li>\n<li style=\"font-weight: 400;\" aria-level=\"1\"><i><span style=\"font-weight: 400;\">Seg\u00edtenek a hagyom\u00e1nyok meg\u0151rz\u00e9s\u00e9ben \u00e9s tov\u00e1bbad\u00e1s\u00e1ban:<\/span><\/i><span style=\"font-weight: 400;\">\u00a0A k\u00e9pz\u00e9s sor\u00e1n elsaj\u00e1t\u00edtott ismeretekkel \u00d6n\u00f6k is akt\u00edvan hozz\u00e1j\u00e1rulhatnak ahhoz, hogy a feln\u00f6vekv\u0151 gener\u00e1ci\u00f3k megismerj\u00e9k \u00e9s megszeress\u00e9k az erd\u00e9lyi magyar n\u00e9pi kult\u00fara kincseit.<\/span><\/li>\n<\/ul>\n<p><b>Mi\u00e9rt \u00e9rdemes r\u00e9szt venni?<\/b><\/p>\n<p><span style=\"font-weight: 400;\">Ez a k\u00e9pz\u00e9s gyakorlatorient\u00e1lt megk\u00f6zel\u00edt\u00e9ssel, interakt\u00edv foglalkoz\u00e1sokon kereszt\u00fcl ad lehet\u0151s\u00e9get a legfontosabb m\u00f3dszerek \u00e9s technik\u00e1k elsaj\u00e1t\u00edt\u00e1s\u00e1ra. A r\u00e9sztvev\u0151k tapasztalt oktat\u00f3k vezet\u00e9s\u00e9vel mer\u00fclhetnek el a n\u00e9pi gyermekj\u00e1t\u00e9kok, t\u00e1ncok \u00e9s dalok vil\u00e1g\u00e1ban, \u00e9s kapnak konkr\u00e9t, azonnal alkalmazhat\u00f3 \u00f6tleteket \u00e9s tananyagokat az iskolai mindennapokba val\u00f3 be\u00e9p\u00edt\u00e9shez.<\/span><\/p>\n<p><b>A k\u00e9pz\u00e9s hivatalos c\u00edme \u00e9s enged\u00e9lysz\u00e1ma:<\/b><\/p>\n<p><span style=\"font-weight: 400;\">\u201cMuzica, dansul \u0219i jocurile populare \u2013 adaptarea tradi\u021biilor proprii \u00een educa\u021bie\u201d<\/span><\/p>\n<p><span style=\"font-weight: 400;\">1555\/DGMCDRSIP\/30.06.2025<\/span><\/p>\n<p><i><span style=\"font-weight: 400;\">Kreditpontok sz\u00e1ma:<\/span><\/i><span style=\"font-weight: 400;\">\u00a018-20 CTP<\/span><\/p>\n<p><i><span style=\"font-weight: 400;\">A k\u00e9pz\u00e9s form\u00e1ja:<\/span><\/i><span style=\"font-weight: 400;\">\u00a0blended learning, 30 \u00f3ra szem\u00e9lyesen \/ 30 \u00f3ra online (asincron)<\/span><\/p>\n<p><b>A k\u00e9pz\u00e9s id\u0151pontjai 2026-ban Kolozsv\u00e1ron:<\/b><\/p>\n<ul>\n<li><span style=\"font-weight: 400;\"> febru\u00e1r 27-28. (p\u00e9nteken d\u00e9lut\u00e1n \u00e9s szombat napk\u00f6zben)<\/span><\/li>\n<li><span style=\"font-weight: 400;\"> m\u00e1rcius 27-28. (p\u00e9nteken d\u00e9lut\u00e1n \u00e9s szombat napk\u00f6zben)<\/span><\/li>\n<li><span style=\"font-weight: 400;\"> \u00e1prilis 17-18. (p\u00e9nteken d\u00e9lut\u00e1n \u00e9s szombat napk\u00f6zben)<\/span><\/li>\n<\/ul>\n<p><span style=\"font-weight: 400;\">Tov\u00e1bb\u00e1 a k\u00e9pz\u00e9shez tartoz\u00f3 online tev\u00e9kenys\u00e9gek a Google Classroom fel\u00fclet\u00e9n.<\/span><\/p>\n<p><b>R\u00e9szv\u00e9teli d\u00edj:<\/b><span style=\"font-weight: 400;\"> 400 RON<\/span><\/p>\n<p><b>Fizet\u00e9s 2026. janu\u00e1r 22-28. k\u00f6z\u00f6tt. A tov\u00e1bbi tudnival\u00f3kat e-mailben k\u00fcldj\u00fck ki a jelentkez\u0151knek.<\/b><\/p>\n<p><b>A k\u00e9pz\u00e9s helysz\u00edne:<\/b><span style=\"font-weight: 400;\">\u00a0Kolozsv\u00e1r, EHHA sz\u00e9khelye (Pia\u021ba Unirii nr. 29.)<\/span><\/p>\n<p><b>L\u00e9tsz\u00e1m:<\/b><span style=\"font-weight: 400;\">\u00a0legt\u00f6bb 25 pedag\u00f3gussal indul csoport. A jelentkez\u00e9st a helyek betelt\u00e9vel lez\u00e1rjuk.<\/span><\/p>\n<p><b>Jelentkez\u00e9s:\u00a0<\/b><a href=\"https:\/\/forms.gle\/KDWTxLxuruv2jdqK6\"><span style=\"font-weight: 400;\">https:\/\/forms.gle\/KDWTxLxuruv2jdqK6<\/span><\/a><\/p>\n<p><b>Jelentkez\u00e9shez sz\u00fcks\u00e9ges iratok:<\/b><span style=\"font-weight: 400;\">\u00a0<\/span><a href=\"https:\/\/drive.google.com\/drive\/folders\/1HGGXccHXRKiI3g8AP90sI668HmlEBhIb?usp=drive_link\"><span style=\"font-weight: 400;\">https:\/\/drive.google.com\/drive\/folders\/1HGGXccHXRKiI3g8AP90sI668HmlEBhIb?usp=drive_link<\/span><\/a><\/p>\n<p><span style=\"font-weight: 400;\">Ez a k\u00fcl\u00f6nleges lehet\u0151s\u00e9g nemcsak a pedag\u00f3gusok szakmai fejl\u0151d\u00e9s\u00e9t szolg\u00e1lja, hanem a gyermekek sz\u00edv\u00e9be is el\u00fclteti a hagyom\u00e1nyok szeretet\u00e9t!<\/span><\/p>\n","protected":false},"excerpt":{"rendered":"<p><span style=\"font-weight: 400;\">Szakmai tov\u00e1bbk\u00e9pz\u00e9s indul pedag\u00f3gusoknak Kolozsv\u00e1ron n\u00e9pi gyermekj\u00e1t\u00e9k, n\u00e9pt\u00e1nc \u00e9s n\u00e9pzene t\u00e9m\u00e1ban.<\/span><\/p>\n<p><span style=\"font-weight: 400;\">A tov\u00e1bbk\u00e9pz\u00e9s c\u00e9lja, hogy ezen k\u00f6z\u00f6ss\u00e9gi, hagyom\u00e1nyos \u00e9rt\u00e9keket hat\u00e9konyan integr\u00e1ljuk az iskolai oktat\u00e1sba.<\/span><\/p>\n","protected":false},"featured_media":325,"template":"","meta":[],"product_brand":[],"product_cat":[15],"product_tag":[],"class_list":{"0":"post-324","1":"product","2":"type-product","3":"status-publish","4":"has-post-thumbnail","6":"product_cat-kepzesek","8":"first","9":"outofstock","10":"sold-individually","11":"shipping-taxable","12":"purchasable","13":"product-type-simple"},"_links":{"self":[{"href":"https:\/\/kepzesek.ehh.ro\/ro\/wp-json\/wp\/v2\/product\/324","targetHints":{"allow":["GET"]}}],"collection":[{"href":"https:\/\/kepzesek.ehh.ro\/ro\/wp-json\/wp\/v2\/product"}],"about":[{"href":"https:\/\/kepzesek.ehh.ro\/ro\/wp-json\/wp\/v2\/types\/product"}],"wp:featuredmedia":[{"embeddable":true,"href":"https:\/\/kepzesek.ehh.ro\/ro\/wp-json\/wp\/v2\/media\/325"}],"wp:attachment":[{"href":"https:\/\/kepzesek.ehh.ro\/ro\/wp-json\/wp\/v2\/media?parent=324"}],"wp:term":[{"taxonomy":"product_brand","embeddable":true,"href":"https:\/\/kepzesek.ehh.ro\/ro\/wp-json\/wp\/v2\/product_brand?post=324"},{"taxonomy":"product_cat","embeddable":true,"href":"https:\/\/kepzesek.ehh.ro\/ro\/wp-json\/wp\/v2\/product_cat?post=324"},{"taxonomy":"product_tag","embeddable":true,"href":"https:\/\/kepzesek.ehh.ro\/ro\/wp-json\/wp\/v2\/product_tag?post=324"}],"curies":[{"name":"wp","href":"https:\/\/api.w.org\/{rel}","templated":true}]}}