{"id":23,"date":"2025-10-03T11:13:18","date_gmt":"2025-10-03T09:13:18","guid":{"rendered":"https:\/\/kepzesek.ehh.ro\/?post_type=product&#038;p=23"},"modified":"2025-11-21T13:18:27","modified_gmt":"2025-11-21T12:18:27","slug":"enek-jatek-tanc-akkreditalt-tovabbkepzes-pedagogusoknak","status":"publish","type":"product","link":"https:\/\/kepzesek.ehh.ro\/ro\/termek\/enek-jatek-tanc-akkreditalt-tovabbkepzes-pedagogusoknak\/","title":{"rendered":"\u00c9nek \u2013 J\u00e1t\u00e9k \u2013 T\u00e1nc \/ Akkredit\u00e1lt tov\u00e1bbk\u00e9pz\u00e9s pedag\u00f3gusoknak Nagyv\u00e1radon"},"content":{"rendered":"<p>Akkredit\u00e1lt tov\u00e1bbk\u00e9pz\u00e9s indul Nagyv\u00e1radon pedag\u00f3gusoknak n\u00e9pi gyermekj\u00e1t\u00e9k, n\u00e9pt\u00e1nc \u00e9s n\u00e9pzene t\u00e9m\u00e1ban.<\/p>\n<p>Az akkredit\u00e1lt tov\u00e1bbk\u00e9pz\u00e9s c\u00e9lja, hogy ezen k\u00f6z\u00f6ss\u00e9gi, hagyom\u00e1nyos \u00e9rt\u00e9keket hat\u00e9konyan integr\u00e1ljuk az iskolai oktat\u00e1sba.<\/p>\n<h2 class=\"wp-block-heading\"><strong>Mi\u00e9rt fontos ez a k\u00e9pz\u00e9s?<\/strong><\/h2>\n<p>Napjainkban k\u00fcl\u00f6n\u00f6sen nagy sz\u00fcks\u00e9g van arra, hogy gyermekeink megismerj\u00e9k \u00e9s meg\u0151rizz\u00e9k kultur\u00e1lis \u00f6r\u00f6ks\u00e9g\u00fcnket. A n\u00e9pi j\u00e1t\u00e9kok, a n\u00e9pt\u00e1nc \u00e9s a n\u00e9pzene nem csup\u00e1n sz\u00f3rakoztat\u00f3 id\u0151t\u00f6lt\u00e9st k\u00edn\u00e1lnak, hanem felbecs\u00fclhetetlen pedag\u00f3giai \u00e9rt\u00e9kkel b\u00edrnak.<\/p>\n<ul class=\"wp-block-list\">\n<li>Fejlesztik a kreativit\u00e1st \u00e9s a k\u00e9pzel\u0151er\u0151t: A hagyom\u00e1nyos j\u00e1t\u00e9kok \u00f6szt\u00f6nzik a gyerekeket az \u00f6n\u00e1ll\u00f3 gondolkod\u00e1sra \u00e9s a fant\u00e1zia haszn\u00e1lat\u00e1ra.<\/li>\n<li>Er\u0151s\u00edtik a k\u00f6z\u00f6ss\u00e9gi \u00e9rz\u00e9st: A k\u00f6z\u00f6s j\u00e1t\u00e9k \u00e9s t\u00e1nc sor\u00e1n a gyerekek megtanulnak egy\u00fcttm\u0171k\u00f6dni, figyelni egym\u00e1sra \u00e9s elfogadni a m\u00e1sikat.<\/li>\n<li>Jav\u00edtj\u00e1k a mozg\u00e1skoordin\u00e1ci\u00f3t \u00e9s a ritmus\u00e9rz\u00e9ket: A n\u00e9pt\u00e1nc \u00e9s a n\u00e9pzene akt\u00edv r\u00e9szv\u00e9telre \u00f6szt\u00f6n\u00f6z, mik\u00f6zben fejleszti a finom- \u00e9s nagymotoros k\u00e9szs\u00e9geket.<\/li>\n<li>Gazdag\u00edtj\u00e1k a sz\u00f3kincset \u00e9s a kifejez\u0151k\u00e9szs\u00e9get: A j\u00e1t\u00e9kokhoz kapcsol\u00f3d\u00f3 mond\u00f3k\u00e1k, dalok hozz\u00e1j\u00e1rulnak a nyelvi fejl\u0151d\u00e9shez.<\/li>\n<li>Seg\u00edtenek a hagyom\u00e1nyok meg\u0151rz\u00e9s\u00e9ben \u00e9s tov\u00e1bbad\u00e1s\u00e1ban: A k\u00e9pz\u00e9s sor\u00e1n elsaj\u00e1t\u00edtott ismeretekkel \u00d6n\u00f6k is akt\u00edvan hozz\u00e1j\u00e1rulhatnak ahhoz, hogy a feln\u00f6vekv\u0151 gener\u00e1ci\u00f3k megismerj\u00e9k \u00e9s megszeress\u00e9k az erd\u00e9lyi magyar n\u00e9pi kult\u00fara kincseit.<\/li>\n<\/ul>\n<h2 class=\"wp-block-heading\"><strong>Mi\u00e9rt \u00e9rdemes r\u00e9szt venni?<\/strong><\/h2>\n<p>Ez a k\u00e9pz\u00e9s gyakorlatorient\u00e1lt megk\u00f6zel\u00edt\u00e9ssel, interakt\u00edv foglalkoz\u00e1sokon kereszt\u00fcl ad lehet\u0151s\u00e9get a legfontosabb m\u00f3dszerek \u00e9s technik\u00e1k elsaj\u00e1t\u00edt\u00e1s\u00e1ra. A r\u00e9sztvev\u0151k tapasztalt oktat\u00f3k vezet\u00e9s\u00e9vel mer\u00fclhetnek el a n\u00e9pi gyermekj\u00e1t\u00e9kok, t\u00e1ncok \u00e9s dalok vil\u00e1g\u00e1ban, \u00e9s kapnak konkr\u00e9t, azonnal alkalmazhat\u00f3 \u00f6tleteket \u00e9s tananyagokat az iskolai mindennapokba val\u00f3 be\u00e9p\u00edt\u00e9shez.<\/p>\n<ul class=\"wp-block-list\">\n<li>A k\u00e9pz\u00e9s hivatalos c\u00edme \u00e9s enged\u00e9lysz\u00e1ma:<br \/>\n\u201cMuzica, dansul \u0219i jocurile populare \u2013 adaptarea tradi\u021biilor proprii \u00een educa\u021bie\u201d<br \/>\n1555\/DGMCDRSIP\/30.06.2025<\/li>\n<li>Kreditpontok sz\u00e1ma: 18-20<\/li>\n<li>A k\u00e9pz\u00e9s form\u00e1ja: 30 \u00f3ra szem\u00e9lyesen \/ 30 \u00f3ra online (asincron)<\/li>\n<li>A k\u00e9pz\u00e9s id\u0151pontjai:<br \/>\n\u2022 okt\u00f3ber 10-11.<br \/>\n\u2022 november 7-8.; 21-22.<\/li>\n<li>R\u00e9szv\u00e9teli d\u00edj \u2013 befizet\u00e9si lehet\u0151s\u00e9g utal\u00e1ssal az\u00a0<a href=\"https:\/\/l.facebook.com\/l.php?u=http%3A%2F%2Fehh.ro%2F%3Ffbclid%3DIwZXh0bgNhZW0CMTAAYnJpZBExNTZmSThqUmIzckxVRExibwEeSogKsb-1YANJxul-dehem8bYv99A9GDOVZILDnoaqV3XQogiCgy72_vlidw_aem_PrbP7BPxR9cHTUbkhydKNw&amp;h=AT0xYXDlv6D9va7ScnivbRl-u5y6zY64MH0S30hDe06YH-3HAzqTwWtWu4wB-NlVPruIRdJi_VRuJLBHbCy-gpayLIdCw6a1B2HcrK6152VShHsIzw67xfecBQzz7ULusCOIn7L8pYIUpITB&amp;__tn__=q&amp;c[0]=AT21ykJFvR-F4NE8A7sZyweWPm4lp5GD5Wml6VKaunYGMQuECnIWP0RRweDiBBvdzaAG8xTTclWnZloq6aqnSajH7xqO7rXQDDQBe3mNL08qkqQq9t7jFLrI__MCfZ67RwZhvdQBblNu2i4JS5OPNolSL9mSpAvXkRQ\">ehh.ro<\/a>\u00a0oldalon:<br \/>\n\u2022 400 RON<br \/>\n\u2022 pedag\u00f3gusk\u00e1rty\u00e1s fizet\u00e9si lehet\u0151s\u00e9ggel<\/li>\n<li>A k\u00e9pz\u00e9s helysz\u00edne: Nagyv\u00e1rad, EHHA sz\u00e9khelye (\u0218tefan cel Mare utca, 6. sz\u00e1m)<\/li>\n<li>L\u00e9tsz\u00e1m:\u00a0 legt\u00f6bb 25 pedag\u00f3gussal indul csoport<\/li>\n<li>Jelentkez\u00e9s:\u00a0<a href=\"https:\/\/forms.gle\/U4b7p3MT9unidtxu7?fbclid=IwZXh0bgNhZW0CMTAAYnJpZBExNTZmSThqUmIzckxVRExibwEeqr7aOALMG9KqHkOS_Uz0ZphxMyCSTwohyR5FeWjQyrf0KsBduS2pYnDmUGY_aem_unJcVJd2zPntb-jrHRwbCQ\">https:\/\/forms.gle\/U4b7p3MT9unidtxu7<\/a><\/li>\n<\/ul>\n<p>A r\u00e9szv\u00e9tel csak a r\u00e9szv\u00e9teli d\u00edj befizet\u00e9s\u00e9vel v\u00e1lik biztoss\u00e1, d\u00edjbefizet\u00e9s itt:\u00a0<a href=\"https:\/\/kepzesek.ehh.ro\/\">K\u00e9pz\u00e9sek \u2013 Erd\u00e9lyi Hagyom\u00e1nyok H\u00e1za<\/a><\/p>\n<p>Ez a k\u00fcl\u00f6nleges lehet\u0151s\u00e9g nemcsak a pedag\u00f3gusok szakmai fejl\u0151d\u00e9s\u00e9t szolg\u00e1lja, hanem a gyermekek sz\u00edv\u00e9be is el\u00fclteti a hagyom\u00e1nyok szeretet\u00e9t!<\/p>\n","protected":false},"excerpt":{"rendered":"<p>Akkredit\u00e1lt tov\u00e1bbk\u00e9pz\u00e9s indul pedag\u00f3gusoknak n\u00e9pi gyermekj\u00e1t\u00e9k, n\u00e9pt\u00e1nc \u00e9s n\u00e9pzene t\u00e9m\u00e1ban. Az akkredit\u00e1lt tov\u00e1bbk\u00e9pz\u00e9s c\u00e9lja, hogy ezen k\u00f6z\u00f6ss\u00e9gi, hagyom\u00e1nyos \u00e9rt\u00e9keket hat\u00e9konyan integr\u00e1ljuk az iskolai oktat\u00e1sba.<\/p>\n","protected":false},"featured_media":0,"template":"","meta":[],"product_brand":[],"product_cat":[15],"product_tag":[],"class_list":{"0":"post-23","1":"product","2":"type-product","3":"status-publish","5":"product_cat-kepzesek","7":"first","8":"outofstock","9":"virtual","10":"sold-individually","11":"purchasable","12":"product-type-simple"},"_links":{"self":[{"href":"https:\/\/kepzesek.ehh.ro\/ro\/wp-json\/wp\/v2\/product\/23","targetHints":{"allow":["GET"]}}],"collection":[{"href":"https:\/\/kepzesek.ehh.ro\/ro\/wp-json\/wp\/v2\/product"}],"about":[{"href":"https:\/\/kepzesek.ehh.ro\/ro\/wp-json\/wp\/v2\/types\/product"}],"wp:attachment":[{"href":"https:\/\/kepzesek.ehh.ro\/ro\/wp-json\/wp\/v2\/media?parent=23"}],"wp:term":[{"taxonomy":"product_brand","embeddable":true,"href":"https:\/\/kepzesek.ehh.ro\/ro\/wp-json\/wp\/v2\/product_brand?post=23"},{"taxonomy":"product_cat","embeddable":true,"href":"https:\/\/kepzesek.ehh.ro\/ro\/wp-json\/wp\/v2\/product_cat?post=23"},{"taxonomy":"product_tag","embeddable":true,"href":"https:\/\/kepzesek.ehh.ro\/ro\/wp-json\/wp\/v2\/product_tag?post=23"}],"curies":[{"name":"wp","href":"https:\/\/api.w.org\/{rel}","templated":true}]}}